{"id":232,"date":"2024-04-02T11:54:24","date_gmt":"2024-04-02T09:54:24","guid":{"rendered":"https:\/\/sofiazanfari.com\/?page_id=232"},"modified":"2025-02-25T12:58:24","modified_gmt":"2025-02-25T11:58:24","slug":"calendrier","status":"publish","type":"page","link":"https:\/\/sofiazanfari.com\/calendrier\/","title":{"rendered":"Calendrier"},"content":{"rendered":"\t\t<div data-elementor-type=\"wp-page\" data-elementor-id=\"232\" class=\"elementor elementor-232\" data-elementor-post-type=\"page\">\n\t\t\t\t\t\t<section class=\"elementor-section elementor-top-section elementor-element elementor-element-b7788c4 elementor-section-boxed elementor-section-height-default elementor-section-height-default\" data-id=\"b7788c4\" data-element_type=\"section\" data-settings=\"{&quot;background_background&quot;:&quot;classic&quot;}\">\n\t\t\t\t\t\t<div class=\"elementor-container elementor-column-gap-default\">\n\t\t\t\t\t<div class=\"elementor-column elementor-col-100 elementor-top-column elementor-element elementor-element-9a1df61\" data-id=\"9a1df61\" data-element_type=\"column\">\n\t\t\t<div class=\"elementor-widget-wrap elementor-element-populated\">\n\t\t\t\t\t\t<div class=\"elementor-element elementor-element-ffbb61a elementor-widget elementor-widget-heading\" data-id=\"ffbb61a\" data-element_type=\"widget\" data-widget_type=\"heading.default\">\n\t\t\t\t<div class=\"elementor-widget-container\">\n\t\t\t\t\t<h2 class=\"elementor-heading-title elementor-size-default\">Calendrier<\/h2>\t\t\t\t<\/div>\n\t\t\t\t<\/div>\n\t\t\t\t<div class=\"elementor-element elementor-element-02d3d0c elementor-widget-divider--view-line_text elementor-widget-divider--element-align-center elementor-widget elementor-widget-divider\" data-id=\"02d3d0c\" data-element_type=\"widget\" data-widget_type=\"divider.default\">\n\t\t\t\t<div class=\"elementor-widget-container\">\n\t\t\t\t\t\t\t<div class=\"elementor-divider\">\n\t\t\t<span class=\"elementor-divider-separator\">\n\t\t\t\t\t\t<\/span>\n\t\t<\/div>\n\t\t\t\t\t\t<\/div>\n\t\t\t\t<\/div>\n\t\t\t\t<div class=\"elementor-element elementor-element-18136dd elementor-widget elementor-widget-text-editor\" data-id=\"18136dd\" data-element_type=\"widget\" data-widget_type=\"text-editor.default\">\n\t\t\t\t<div class=\"elementor-widget-container\">\n\t\t\t\t\t\t\t\t\t<div class=\"mec-wrap mec-skin-grid-container  \" id=\"mec_skin_236\">\r\n    \r\n        \r\n        <div class=\"mec-skin-grid-events-container\" id=\"mec_skin_events_236\">\r\n        Pas d&rsquo;\u00e9v\u00e9nement actuellement programm\u00e9.    <\/div>\r\n        \r\n        \r\n<\/div>\t\t\t\t\t\t\t\t<\/div>\n\t\t\t\t<\/div>\n\t\t\t\t\t<\/div>\n\t\t<\/div>\n\t\t\t\t\t<\/div>\n\t\t<\/section>\n\t\t\t\t<\/div>\n\t\t","protected":false},"excerpt":{"rendered":"<p>Calendrier<\/p>\n","protected":false},"author":6,"featured_media":0,"parent":0,"menu_order":0,"comment_status":"closed","ping_status":"closed","template":"elementor_header_footer","meta":{"footnotes":""},"class_list":["post-232","page","type-page","status-publish","hentry"],"yoast_head":"<!-- This site is optimized with the Yoast SEO plugin v26.5 - https:\/\/yoast.com\/wordpress\/plugins\/seo\/ -->\n<title>Calendrier - sofiazanfari.com<\/title>\n<meta name=\"robots\" content=\"index, follow, max-snippet:-1, max-image-preview:large, max-video-preview:-1\" \/>\n<link rel=\"canonical\" href=\"https:\/\/sofiazanfari.com\/calendrier\/\" \/>\n<meta property=\"og:locale\" content=\"fr_FR\" \/>\n<meta property=\"og:type\" content=\"article\" \/>\n<meta property=\"og:title\" content=\"Calendrier - sofiazanfari.com\" \/>\n<meta property=\"og:description\" content=\"Calendrier\" \/>\n<meta property=\"og:url\" content=\"https:\/\/sofiazanfari.com\/calendrier\/\" \/>\n<meta property=\"og:site_name\" content=\"sofiazanfari.com\" \/>\n<meta property=\"article:modified_time\" content=\"2025-02-25T11:58:24+00:00\" \/>\n<meta name=\"twitter:card\" content=\"summary_large_image\" \/>\n<meta name=\"twitter:label1\" content=\"Dur\u00e9e de lecture estim\u00e9e\" \/>\n\t<meta name=\"twitter:data1\" content=\"1 minute\" \/>\n<script type=\"application\/ld+json\" class=\"yoast-schema-graph\">{\"@context\":\"https:\/\/schema.org\",\"@graph\":[{\"@type\":\"WebPage\",\"@id\":\"https:\/\/sofiazanfari.com\/calendrier\/\",\"url\":\"https:\/\/sofiazanfari.com\/calendrier\/\",\"name\":\"Calendrier - sofiazanfari.com\",\"isPartOf\":{\"@id\":\"https:\/\/sofiazanfari.com\/fr\/#website\"},\"datePublished\":\"2024-04-02T09:54:24+00:00\",\"dateModified\":\"2025-02-25T11:58:24+00:00\",\"breadcrumb\":{\"@id\":\"https:\/\/sofiazanfari.com\/calendrier\/#breadcrumb\"},\"inLanguage\":\"fr-FR\",\"potentialAction\":[{\"@type\":\"ReadAction\",\"target\":[\"https:\/\/sofiazanfari.com\/calendrier\/\"]}]},{\"@type\":\"BreadcrumbList\",\"@id\":\"https:\/\/sofiazanfari.com\/calendrier\/#breadcrumb\",\"itemListElement\":[{\"@type\":\"ListItem\",\"position\":1,\"name\":\"Accueil\",\"item\":\"https:\/\/sofiazanfari.com\/\"},{\"@type\":\"ListItem\",\"position\":2,\"name\":\"Calendrier\"}]},{\"@type\":\"WebSite\",\"@id\":\"https:\/\/sofiazanfari.com\/fr\/#website\",\"url\":\"https:\/\/sofiazanfari.com\/fr\/\",\"name\":\"sofiazanfari.com\",\"description\":\"Sofia Zanfari - Official Website\",\"publisher\":{\"@id\":\"https:\/\/sofiazanfari.com\/fr\/#organization\"},\"potentialAction\":[{\"@type\":\"SearchAction\",\"target\":{\"@type\":\"EntryPoint\",\"urlTemplate\":\"https:\/\/sofiazanfari.com\/fr\/?s={search_term_string}\"},\"query-input\":{\"@type\":\"PropertyValueSpecification\",\"valueRequired\":true,\"valueName\":\"search_term_string\"}}],\"inLanguage\":\"fr-FR\"},{\"@type\":\"Organization\",\"@id\":\"https:\/\/sofiazanfari.com\/fr\/#organization\",\"name\":\"sofiazanfari.com\",\"url\":\"https:\/\/sofiazanfari.com\/fr\/\",\"logo\":{\"@type\":\"ImageObject\",\"inLanguage\":\"fr-FR\",\"@id\":\"https:\/\/sofiazanfari.com\/fr\/#\/schema\/logo\/image\/\",\"url\":\"https:\/\/sofiazanfari.com\/wp-content\/uploads\/sites\/37\/2024\/03\/Layer-2.png\",\"contentUrl\":\"https:\/\/sofiazanfari.com\/wp-content\/uploads\/sites\/37\/2024\/03\/Layer-2.png\",\"width\":1352,\"height\":452,\"caption\":\"sofiazanfari.com\"},\"image\":{\"@id\":\"https:\/\/sofiazanfari.com\/fr\/#\/schema\/logo\/image\/\"}}]}<\/script>\n<!-- \/ Yoast SEO plugin. -->","yoast_head_json":{"title":"Calendrier - sofiazanfari.com","robots":{"index":"index","follow":"follow","max-snippet":"max-snippet:-1","max-image-preview":"max-image-preview:large","max-video-preview":"max-video-preview:-1"},"canonical":"https:\/\/sofiazanfari.com\/calendrier\/","og_locale":"fr_FR","og_type":"article","og_title":"Calendrier - sofiazanfari.com","og_description":"Calendrier","og_url":"https:\/\/sofiazanfari.com\/calendrier\/","og_site_name":"sofiazanfari.com","article_modified_time":"2025-02-25T11:58:24+00:00","twitter_card":"summary_large_image","twitter_misc":{"Dur\u00e9e de lecture estim\u00e9e":"1 minute"},"schema":{"@context":"https:\/\/schema.org","@graph":[{"@type":"WebPage","@id":"https:\/\/sofiazanfari.com\/calendrier\/","url":"https:\/\/sofiazanfari.com\/calendrier\/","name":"Calendrier - sofiazanfari.com","isPartOf":{"@id":"https:\/\/sofiazanfari.com\/fr\/#website"},"datePublished":"2024-04-02T09:54:24+00:00","dateModified":"2025-02-25T11:58:24+00:00","breadcrumb":{"@id":"https:\/\/sofiazanfari.com\/calendrier\/#breadcrumb"},"inLanguage":"fr-FR","potentialAction":[{"@type":"ReadAction","target":["https:\/\/sofiazanfari.com\/calendrier\/"]}]},{"@type":"BreadcrumbList","@id":"https:\/\/sofiazanfari.com\/calendrier\/#breadcrumb","itemListElement":[{"@type":"ListItem","position":1,"name":"Accueil","item":"https:\/\/sofiazanfari.com\/"},{"@type":"ListItem","position":2,"name":"Calendrier"}]},{"@type":"WebSite","@id":"https:\/\/sofiazanfari.com\/fr\/#website","url":"https:\/\/sofiazanfari.com\/fr\/","name":"sofiazanfari.com","description":"Sofia Zanfari - Official Website","publisher":{"@id":"https:\/\/sofiazanfari.com\/fr\/#organization"},"potentialAction":[{"@type":"SearchAction","target":{"@type":"EntryPoint","urlTemplate":"https:\/\/sofiazanfari.com\/fr\/?s={search_term_string}"},"query-input":{"@type":"PropertyValueSpecification","valueRequired":true,"valueName":"search_term_string"}}],"inLanguage":"fr-FR"},{"@type":"Organization","@id":"https:\/\/sofiazanfari.com\/fr\/#organization","name":"sofiazanfari.com","url":"https:\/\/sofiazanfari.com\/fr\/","logo":{"@type":"ImageObject","inLanguage":"fr-FR","@id":"https:\/\/sofiazanfari.com\/fr\/#\/schema\/logo\/image\/","url":"https:\/\/sofiazanfari.com\/wp-content\/uploads\/sites\/37\/2024\/03\/Layer-2.png","contentUrl":"https:\/\/sofiazanfari.com\/wp-content\/uploads\/sites\/37\/2024\/03\/Layer-2.png","width":1352,"height":452,"caption":"sofiazanfari.com"},"image":{"@id":"https:\/\/sofiazanfari.com\/fr\/#\/schema\/logo\/image\/"}}]}},"_links":{"self":[{"href":"https:\/\/sofiazanfari.com\/fr\/wp-json\/wp\/v2\/pages\/232","targetHints":{"allow":["GET"]}}],"collection":[{"href":"https:\/\/sofiazanfari.com\/fr\/wp-json\/wp\/v2\/pages"}],"about":[{"href":"https:\/\/sofiazanfari.com\/fr\/wp-json\/wp\/v2\/types\/page"}],"author":[{"embeddable":true,"href":"https:\/\/sofiazanfari.com\/fr\/wp-json\/wp\/v2\/users\/6"}],"replies":[{"embeddable":true,"href":"https:\/\/sofiazanfari.com\/fr\/wp-json\/wp\/v2\/comments?post=232"}],"version-history":[{"count":19,"href":"https:\/\/sofiazanfari.com\/fr\/wp-json\/wp\/v2\/pages\/232\/revisions"}],"predecessor-version":[{"id":1513,"href":"https:\/\/sofiazanfari.com\/fr\/wp-json\/wp\/v2\/pages\/232\/revisions\/1513"}],"wp:attachment":[{"href":"https:\/\/sofiazanfari.com\/fr\/wp-json\/wp\/v2\/media?parent=232"}],"curies":[{"name":"wp","href":"https:\/\/api.w.org\/{rel}","templated":true}]}}