{"id":758,"date":"2024-04-04T12:07:39","date_gmt":"2024-04-04T10:07:39","guid":{"rendered":"https:\/\/sofiazanfari.com\/?page_id=758"},"modified":"2024-04-09T12:02:56","modified_gmt":"2024-04-09T10:02:56","slug":"mentions-legales","status":"publish","type":"page","link":"https:\/\/sofiazanfari.com\/mentions-legales\/","title":{"rendered":"Mentions L\u00e9gales"},"content":{"rendered":"\t\t<div data-elementor-type=\"wp-page\" data-elementor-id=\"758\" class=\"elementor elementor-758\" data-elementor-post-type=\"page\">\n\t\t\t\t\t\t<section class=\"elementor-section elementor-top-section elementor-element elementor-element-b7788c4 elementor-section-boxed elementor-section-height-default elementor-section-height-default\" data-id=\"b7788c4\" data-element_type=\"section\" data-settings=\"{&quot;background_background&quot;:&quot;classic&quot;}\">\n\t\t\t\t\t\t<div class=\"elementor-container elementor-column-gap-default\">\n\t\t\t\t\t<div class=\"elementor-column elementor-col-100 elementor-top-column elementor-element elementor-element-9a1df61\" data-id=\"9a1df61\" data-element_type=\"column\">\n\t\t\t<div class=\"elementor-widget-wrap elementor-element-populated\">\n\t\t\t\t\t\t<div class=\"elementor-element elementor-element-ffbb61a elementor-widget elementor-widget-heading\" data-id=\"ffbb61a\" data-element_type=\"widget\" data-widget_type=\"heading.default\">\n\t\t\t\t<div class=\"elementor-widget-container\">\n\t\t\t\t\t<h2 class=\"elementor-heading-title elementor-size-default\">Mentions L\u00e9gales<\/h2>\t\t\t\t<\/div>\n\t\t\t\t<\/div>\n\t\t\t\t<div class=\"elementor-element elementor-element-02d3d0c elementor-widget-divider--view-line_text elementor-widget-divider--element-align-center elementor-widget elementor-widget-divider\" data-id=\"02d3d0c\" data-element_type=\"widget\" data-widget_type=\"divider.default\">\n\t\t\t\t<div class=\"elementor-widget-container\">\n\t\t\t\t\t\t\t<div class=\"elementor-divider\">\n\t\t\t<span class=\"elementor-divider-separator\">\n\t\t\t\t\t\t<\/span>\n\t\t<\/div>\n\t\t\t\t\t\t<\/div>\n\t\t\t\t<\/div>\n\t\t\t\t<div class=\"elementor-element elementor-element-fbca55d elementor-widget elementor-widget-text-editor\" data-id=\"fbca55d\" data-element_type=\"widget\" data-widget_type=\"text-editor.default\">\n\t\t\t\t<div class=\"elementor-widget-container\">\n\t\t\t\t\t\t\t\t\t<p><h4>Informations \u00e9diteur<\/h4>Responsable de la publication : Adil Zanfari<\/p>\n<p><h4>Informations h\u00e9bergeur<\/h4>SAS OVH \u2013 2 rue Kellermann<br>BP 80157 \u2013 59100 Roubaix<\/p>\n<p><h4>Droits d\u2019auteur<\/h4>La pr\u00e9sentation et le contenu de ce site constituent ensemble une \u0153uvre prot\u00e9g\u00e9e par les conventions internationales et les lois en vigueur sur la propri\u00e9t\u00e9 intellectuelle et notamment le droit d\u2019auteur, la concurrence d\u00e9loyale et les marques d\u00e9pos\u00e9es. Aucune reproduction ou repr\u00e9sentation ne peut avoir lieu sans le consentement \u00e9crit et pr\u00e9alable au responsable de la publication, Adil Zanfari. Malgr\u00e9 tous les soins apport\u00e9s \u00e0 la r\u00e9alisation de ce site et \u00e0 son actualisation r\u00e9guli\u00e8re, des erreurs peuvent s\u2019\u00eatre gliss\u00e9es dans les informations et\/ou documents pr\u00e9sent\u00e9s. Les utilisateurs du site proc\u00e9deront donc \u00e0 toutes v\u00e9rifications utiles, la responsabilit\u00e9 de l\u2019\u00e9diteur ne pouvant \u00eatre engag\u00e9e \u00e0 raison d\u2019\u00e9ventuelles erreurs.<\/p>\n<p><h4>Conception et r\u00e9alisation du site internet<\/h4>Ce site a \u00e9t\u00e9 r\u00e9alis\u00e9 par la soci\u00e9t\u00e9 KSP Reportages \u2013 Agence de communication.<br>KSP Reportages \u2013 79 avenue Victor Hugo \u2013 94400 Villeneuve-le-Roi \u2013 France<br>+33 146 826 012<\/p>\t\t\t\t\t\t\t\t<\/div>\n\t\t\t\t<\/div>\n\t\t\t\t\t<\/div>\n\t\t<\/div>\n\t\t\t\t\t<\/div>\n\t\t<\/section>\n\t\t\t\t<\/div>\n\t\t","protected":false},"excerpt":{"rendered":"<p>Mentions L\u00e9gales Informations \u00e9diteur Responsable de la publication : Adil Zanfari Informations h\u00e9bergeur SAS OVH \u2013 2 rue KellermannBP 80157 \u2013 59100 Roubaix Droits d\u2019auteur La<span class=\"excerpt-hellip\"> [\u2026]<\/span><\/p>\n","protected":false},"author":6,"featured_media":0,"parent":0,"menu_order":0,"comment_status":"closed","ping_status":"closed","template":"elementor_header_footer","meta":{"footnotes":""},"class_list":["post-758","page","type-page","status-publish","hentry"],"yoast_head":"<!-- This site is optimized with the Yoast SEO plugin v26.5 - https:\/\/yoast.com\/wordpress\/plugins\/seo\/ -->\n<title>Mentions L\u00e9gales - sofiazanfari.com<\/title>\n<meta name=\"robots\" content=\"index, follow, max-snippet:-1, max-image-preview:large, max-video-preview:-1\" \/>\n<link rel=\"canonical\" href=\"https:\/\/sofiazanfari.com\/mentions-legales\/\" \/>\n<meta property=\"og:locale\" content=\"fr_FR\" \/>\n<meta property=\"og:type\" content=\"article\" \/>\n<meta property=\"og:title\" content=\"Mentions L\u00e9gales - sofiazanfari.com\" \/>\n<meta property=\"og:description\" content=\"Mentions L\u00e9gales Informations \u00e9diteur Responsable de la publication : Adil Zanfari Informations h\u00e9bergeur SAS OVH \u2013 2 rue KellermannBP 80157 \u2013 59100 Roubaix Droits d\u2019auteur La [\u2026]\" \/>\n<meta property=\"og:url\" content=\"https:\/\/sofiazanfari.com\/mentions-legales\/\" \/>\n<meta property=\"og:site_name\" content=\"sofiazanfari.com\" \/>\n<meta property=\"article:modified_time\" content=\"2024-04-09T10:02:56+00:00\" \/>\n<meta name=\"twitter:card\" content=\"summary_large_image\" \/>\n<meta name=\"twitter:label1\" content=\"Dur\u00e9e de lecture estim\u00e9e\" \/>\n\t<meta name=\"twitter:data1\" content=\"1 minute\" \/>\n<script type=\"application\/ld+json\" class=\"yoast-schema-graph\">{\"@context\":\"https:\/\/schema.org\",\"@graph\":[{\"@type\":\"WebPage\",\"@id\":\"https:\/\/sofiazanfari.com\/mentions-legales\/\",\"url\":\"https:\/\/sofiazanfari.com\/mentions-legales\/\",\"name\":\"Mentions L\u00e9gales - sofiazanfari.com\",\"isPartOf\":{\"@id\":\"https:\/\/sofiazanfari.com\/fr\/#website\"},\"datePublished\":\"2024-04-04T10:07:39+00:00\",\"dateModified\":\"2024-04-09T10:02:56+00:00\",\"breadcrumb\":{\"@id\":\"https:\/\/sofiazanfari.com\/mentions-legales\/#breadcrumb\"},\"inLanguage\":\"fr-FR\",\"potentialAction\":[{\"@type\":\"ReadAction\",\"target\":[\"https:\/\/sofiazanfari.com\/mentions-legales\/\"]}]},{\"@type\":\"BreadcrumbList\",\"@id\":\"https:\/\/sofiazanfari.com\/mentions-legales\/#breadcrumb\",\"itemListElement\":[{\"@type\":\"ListItem\",\"position\":1,\"name\":\"Accueil\",\"item\":\"https:\/\/sofiazanfari.com\/\"},{\"@type\":\"ListItem\",\"position\":2,\"name\":\"Mentions L\u00e9gales\"}]},{\"@type\":\"WebSite\",\"@id\":\"https:\/\/sofiazanfari.com\/fr\/#website\",\"url\":\"https:\/\/sofiazanfari.com\/fr\/\",\"name\":\"sofiazanfari.com\",\"description\":\"Sofia Zanfari - Official Website\",\"publisher\":{\"@id\":\"https:\/\/sofiazanfari.com\/fr\/#organization\"},\"potentialAction\":[{\"@type\":\"SearchAction\",\"target\":{\"@type\":\"EntryPoint\",\"urlTemplate\":\"https:\/\/sofiazanfari.com\/fr\/?s={search_term_string}\"},\"query-input\":{\"@type\":\"PropertyValueSpecification\",\"valueRequired\":true,\"valueName\":\"search_term_string\"}}],\"inLanguage\":\"fr-FR\"},{\"@type\":\"Organization\",\"@id\":\"https:\/\/sofiazanfari.com\/fr\/#organization\",\"name\":\"sofiazanfari.com\",\"url\":\"https:\/\/sofiazanfari.com\/fr\/\",\"logo\":{\"@type\":\"ImageObject\",\"inLanguage\":\"fr-FR\",\"@id\":\"https:\/\/sofiazanfari.com\/fr\/#\/schema\/logo\/image\/\",\"url\":\"https:\/\/sofiazanfari.com\/wp-content\/uploads\/sites\/37\/2024\/03\/Layer-2.png\",\"contentUrl\":\"https:\/\/sofiazanfari.com\/wp-content\/uploads\/sites\/37\/2024\/03\/Layer-2.png\",\"width\":1352,\"height\":452,\"caption\":\"sofiazanfari.com\"},\"image\":{\"@id\":\"https:\/\/sofiazanfari.com\/fr\/#\/schema\/logo\/image\/\"}}]}<\/script>\n<!-- \/ Yoast SEO plugin. -->","yoast_head_json":{"title":"Mentions L\u00e9gales - sofiazanfari.com","robots":{"index":"index","follow":"follow","max-snippet":"max-snippet:-1","max-image-preview":"max-image-preview:large","max-video-preview":"max-video-preview:-1"},"canonical":"https:\/\/sofiazanfari.com\/mentions-legales\/","og_locale":"fr_FR","og_type":"article","og_title":"Mentions L\u00e9gales - sofiazanfari.com","og_description":"Mentions L\u00e9gales Informations \u00e9diteur Responsable de la publication : Adil Zanfari Informations h\u00e9bergeur SAS OVH \u2013 2 rue KellermannBP 80157 \u2013 59100 Roubaix Droits d\u2019auteur La [\u2026]","og_url":"https:\/\/sofiazanfari.com\/mentions-legales\/","og_site_name":"sofiazanfari.com","article_modified_time":"2024-04-09T10:02:56+00:00","twitter_card":"summary_large_image","twitter_misc":{"Dur\u00e9e de lecture estim\u00e9e":"1 minute"},"schema":{"@context":"https:\/\/schema.org","@graph":[{"@type":"WebPage","@id":"https:\/\/sofiazanfari.com\/mentions-legales\/","url":"https:\/\/sofiazanfari.com\/mentions-legales\/","name":"Mentions L\u00e9gales - sofiazanfari.com","isPartOf":{"@id":"https:\/\/sofiazanfari.com\/fr\/#website"},"datePublished":"2024-04-04T10:07:39+00:00","dateModified":"2024-04-09T10:02:56+00:00","breadcrumb":{"@id":"https:\/\/sofiazanfari.com\/mentions-legales\/#breadcrumb"},"inLanguage":"fr-FR","potentialAction":[{"@type":"ReadAction","target":["https:\/\/sofiazanfari.com\/mentions-legales\/"]}]},{"@type":"BreadcrumbList","@id":"https:\/\/sofiazanfari.com\/mentions-legales\/#breadcrumb","itemListElement":[{"@type":"ListItem","position":1,"name":"Accueil","item":"https:\/\/sofiazanfari.com\/"},{"@type":"ListItem","position":2,"name":"Mentions L\u00e9gales"}]},{"@type":"WebSite","@id":"https:\/\/sofiazanfari.com\/fr\/#website","url":"https:\/\/sofiazanfari.com\/fr\/","name":"sofiazanfari.com","description":"Sofia Zanfari - Official Website","publisher":{"@id":"https:\/\/sofiazanfari.com\/fr\/#organization"},"potentialAction":[{"@type":"SearchAction","target":{"@type":"EntryPoint","urlTemplate":"https:\/\/sofiazanfari.com\/fr\/?s={search_term_string}"},"query-input":{"@type":"PropertyValueSpecification","valueRequired":true,"valueName":"search_term_string"}}],"inLanguage":"fr-FR"},{"@type":"Organization","@id":"https:\/\/sofiazanfari.com\/fr\/#organization","name":"sofiazanfari.com","url":"https:\/\/sofiazanfari.com\/fr\/","logo":{"@type":"ImageObject","inLanguage":"fr-FR","@id":"https:\/\/sofiazanfari.com\/fr\/#\/schema\/logo\/image\/","url":"https:\/\/sofiazanfari.com\/wp-content\/uploads\/sites\/37\/2024\/03\/Layer-2.png","contentUrl":"https:\/\/sofiazanfari.com\/wp-content\/uploads\/sites\/37\/2024\/03\/Layer-2.png","width":1352,"height":452,"caption":"sofiazanfari.com"},"image":{"@id":"https:\/\/sofiazanfari.com\/fr\/#\/schema\/logo\/image\/"}}]}},"_links":{"self":[{"href":"https:\/\/sofiazanfari.com\/fr\/wp-json\/wp\/v2\/pages\/758","targetHints":{"allow":["GET"]}}],"collection":[{"href":"https:\/\/sofiazanfari.com\/fr\/wp-json\/wp\/v2\/pages"}],"about":[{"href":"https:\/\/sofiazanfari.com\/fr\/wp-json\/wp\/v2\/types\/page"}],"author":[{"embeddable":true,"href":"https:\/\/sofiazanfari.com\/fr\/wp-json\/wp\/v2\/users\/6"}],"replies":[{"embeddable":true,"href":"https:\/\/sofiazanfari.com\/fr\/wp-json\/wp\/v2\/comments?post=758"}],"version-history":[{"count":10,"href":"https:\/\/sofiazanfari.com\/fr\/wp-json\/wp\/v2\/pages\/758\/revisions"}],"predecessor-version":[{"id":1283,"href":"https:\/\/sofiazanfari.com\/fr\/wp-json\/wp\/v2\/pages\/758\/revisions\/1283"}],"wp:attachment":[{"href":"https:\/\/sofiazanfari.com\/fr\/wp-json\/wp\/v2\/media?parent=758"}],"curies":[{"name":"wp","href":"https:\/\/api.w.org\/{rel}","templated":true}]}}